{"id":388,"date":"2022-06-21T18:58:16","date_gmt":"2022-06-21T22:58:16","guid":{"rendered":"https:\/\/ourheritagebmo.com\/?page_id=388"},"modified":"2026-04-29T09:46:42","modified_gmt":"2026-04-29T13:46:42","slug":"home-page-fr","status":"publish","type":"page","link":"https:\/\/ourheritagebmo.com\/fr\/","title":{"rendered":"Page d&rsquo;accueil"},"content":{"rendered":"\n\t<section id=\"homepage-slider-block_214517c2ba9431bbc173cf6f71f15ded\" class=\"homepage-slider-block\" aria-label=\"Homepage header content\">\n\t\t<div class=\"main-grid\">\n\t\t\t<div class=\"main-grid__margin\"><\/div>\n\t\t\t\t<div class=\"main-grid__body\">\n\t\t\t\t<div class=\"js-homepage-slider\" \n\t\t\t\tdata-slides-json='[{&quot;image&quot;:{&quot;ID&quot;:88487,&quot;id&quot;:88487,&quot;title&quot;:&quot;m31_22_23_Adjusted2&quot;,&quot;filename&quot;:&quot;m31_22_23_Adjusted2-7-scaled.jpg&quot;,&quot;filesize&quot;:921558,&quot;url&quot;:&quot;https:\\\/\\\/ourheritagebmo.com\\\/wp-content\\\/uploads\\\/2022\\\/10\\\/m31_22_23_Adjusted2-7-scaled.jpg&quot;,&quot;link&quot;:&quot;https:\\\/\\\/ourheritagebmo.com\\\/fr\\\/home-page-fr\\\/m31_22_23_adjusted2-2\\\/&quot;,&quot;alt&quot;:&quot;Two women working at an old fashioned banking machine&quot;,&quot;author&quot;:&quot;3&quot;,&quot;description&quot;:&quot;&quot;,&quot;caption&quot;:&quot;&quot;,&quot;name&quot;:&quot;m31_22_23_adjusted2-2&quot;,&quot;status&quot;:&quot;inherit&quot;,&quot;uploaded_to&quot;:388,&quot;date&quot;:&quot;2022-10-06 20:09:30&quot;,&quot;modified&quot;:&quot;2025-12-01 19:45:51&quot;,&quot;menu_order&quot;:0,&quot;mime_type&quot;:&quot;image\\\/jpeg&quot;,&quot;type&quot;:&quot;image&quot;,&quot;subtype&quot;:&quot;jpeg&quot;,&quot;icon&quot;:&quot;https:\\\/\\\/ourheritagebmo.com\\\/wp-includes\\\/images\\\/media\\\/default.png&quot;,&quot;width&quot;:2560,&quot;height&quot;:1309,&quot;sizes&quot;:{&quot;thumbnail&quot;:&quot;https:\\\/\\\/ourheritagebmo.com\\\/wp-content\\\/uploads\\\/2022\\\/10\\\/m31_22_23_Adjusted2-7-150x150.jpg&quot;,&quot;thumbnail-width&quot;:150,&quot;thumbnail-height&quot;:150,&quot;medium&quot;:&quot;https:\\\/\\\/ourheritagebmo.com\\\/wp-content\\\/uploads\\\/2022\\\/10\\\/m31_22_23_Adjusted2-7-300x153.jpg&quot;,&quot;medium-width&quot;:300,&quot;medium-height&quot;:153,&quot;medium_large&quot;:&quot;https:\\\/\\\/ourheritagebmo.com\\\/wp-content\\\/uploads\\\/2022\\\/10\\\/m31_22_23_Adjusted2-7-768x393.jpg&quot;,&quot;medium_large-width&quot;:768,&quot;medium_large-height&quot;:393,&quot;large&quot;:&quot;https:\\\/\\\/ourheritagebmo.com\\\/wp-content\\\/uploads\\\/2022\\\/10\\\/m31_22_23_Adjusted2-7-1024x524.jpg&quot;,&quot;large-width&quot;:1024,&quot;large-height&quot;:524,&quot;1536x1536&quot;:&quot;https:\\\/\\\/ourheritagebmo.com\\\/wp-content\\\/uploads\\\/2022\\\/10\\\/m31_22_23_Adjusted2-7-1536x786.jpg&quot;,&quot;1536x1536-width&quot;:1536,&quot;1536x1536-height&quot;:786,&quot;2048x2048&quot;:&quot;https:\\\/\\\/ourheritagebmo.com\\\/wp-content\\\/uploads\\\/2022\\\/10\\\/m31_22_23_Adjusted2-7-2048x1048.jpg&quot;,&quot;2048x2048-width&quot;:2048,&quot;2048x2048-height&quot;:1048,&quot;gform-image-choice-sm&quot;:&quot;https:\\\/\\\/ourheritagebmo.com\\\/wp-content\\\/uploads\\\/2022\\\/10\\\/m31_22_23_Adjusted2-7-scaled.jpg&quot;,&quot;gform-image-choice-sm-width&quot;:300,&quot;gform-image-choice-sm-height&quot;:153,&quot;gform-image-choice-md&quot;:&quot;https:\\\/\\\/ourheritagebmo.com\\\/wp-content\\\/uploads\\\/2022\\\/10\\\/m31_22_23_Adjusted2-7-scaled.jpg&quot;,&quot;gform-image-choice-md-width&quot;:400,&quot;gform-image-choice-md-height&quot;:205,&quot;gform-image-choice-lg&quot;:&quot;https:\\\/\\\/ourheritagebmo.com\\\/wp-content\\\/uploads\\\/2022\\\/10\\\/m31_22_23_Adjusted2-7-scaled.jpg&quot;,&quot;gform-image-choice-lg-width&quot;:600,&quot;gform-image-choice-lg-height&quot;:307}},&quot;title&quot;:&quot;Le patrimoine de BMO&quot;,&quot;description&quot;:&quot;Depuis 1817, la premi\\u00e8re banque au Canada donne les moyens \\u00e0 ses clients d\\u2019am\\u00e9liorer leurs finances et aide les collectivit\\u00e9s de l\\u2019Am\\u00e9rique du Nord \\u00e0 cro\\u00eetre et \\u00e0 prosp\\u00e9rer. D\\u00e9couvrez les archives de BMO \\u2013 une collection unique qui retrace les progr\\u00e8s du monde financier au fil des si\\u00e8cles et les personnes qui l\\u2019ont fa\\u00e7onn\\u00e9.&quot;,&quot;button&quot;:{&quot;title&quot;:&quot;EN SAVOIR PLUS&quot;,&quot;url&quot;:&quot;https:\\\/\\\/ourheritagebmo.com\\\/fr\\\/history\\\/&quot;,&quot;target&quot;:&quot;&quot;}},{&quot;image&quot;:{&quot;ID&quot;:131849,&quot;id&quot;:131849,&quot;title&quot;:&quot;2002_630_1_1a_300dpi&quot;,&quot;filename&quot;:&quot;2002_630_1_1a_300dpi-scaled.jpg&quot;,&quot;filesize&quot;:1268283,&quot;url&quot;:&quot;https:\\\/\\\/ourheritagebmo.com\\\/wp-content\\\/uploads\\\/2025\\\/12\\\/2002_630_1_1a_300dpi-scaled.jpg&quot;,&quot;link&quot;:&quot;https:\\\/\\\/ourheritagebmo.com\\\/fr\\\/articles\\\/les-fondements-de-lepargne\\\/2002_630_1_1a_300dpi-2\\\/&quot;,&quot;alt&quot;:&quot;&quot;,&quot;author&quot;:&quot;6&quot;,&quot;description&quot;:&quot;&quot;,&quot;caption&quot;:&quot;Couverture de livre promotionnelle, Banque de Montr\\u00e9al, entre 1953 et 1961.&quot;,&quot;name&quot;:&quot;2002_630_1_1a_300dpi-2&quot;,&quot;status&quot;:&quot;inherit&quot;,&quot;uploaded_to&quot;:131853,&quot;date&quot;:&quot;2025-12-22 17:03:31&quot;,&quot;modified&quot;:&quot;2025-12-22 17:06:19&quot;,&quot;menu_order&quot;:0,&quot;mime_type&quot;:&quot;image\\\/jpeg&quot;,&quot;type&quot;:&quot;image&quot;,&quot;subtype&quot;:&quot;jpeg&quot;,&quot;icon&quot;:&quot;https:\\\/\\\/ourheritagebmo.com\\\/wp-includes\\\/images\\\/media\\\/default.png&quot;,&quot;width&quot;:2560,&quot;height&quot;:1787,&quot;sizes&quot;:{&quot;thumbnail&quot;:&quot;https:\\\/\\\/ourheritagebmo.com\\\/wp-content\\\/uploads\\\/2025\\\/12\\\/2002_630_1_1a_300dpi-150x150.jpg&quot;,&quot;thumbnail-width&quot;:150,&quot;thumbnail-height&quot;:150,&quot;medium&quot;:&quot;https:\\\/\\\/ourheritagebmo.com\\\/wp-content\\\/uploads\\\/2025\\\/12\\\/2002_630_1_1a_300dpi-300x209.jpg&quot;,&quot;medium-width&quot;:300,&quot;medium-height&quot;:209,&quot;medium_large&quot;:&quot;https:\\\/\\\/ourheritagebmo.com\\\/wp-content\\\/uploads\\\/2025\\\/12\\\/2002_630_1_1a_300dpi-768x536.jpg&quot;,&quot;medium_large-width&quot;:768,&quot;medium_large-height&quot;:536,&quot;large&quot;:&quot;https:\\\/\\\/ourheritagebmo.com\\\/wp-content\\\/uploads\\\/2025\\\/12\\\/2002_630_1_1a_300dpi-1024x715.jpg&quot;,&quot;large-width&quot;:1024,&quot;large-height&quot;:715,&quot;1536x1536&quot;:&quot;https:\\\/\\\/ourheritagebmo.com\\\/wp-content\\\/uploads\\\/2025\\\/12\\\/2002_630_1_1a_300dpi-1536x1072.jpg&quot;,&quot;1536x1536-width&quot;:1536,&quot;1536x1536-height&quot;:1072,&quot;2048x2048&quot;:&quot;https:\\\/\\\/ourheritagebmo.com\\\/wp-content\\\/uploads\\\/2025\\\/12\\\/2002_630_1_1a_300dpi-2048x1429.jpg&quot;,&quot;2048x2048-width&quot;:2048,&quot;2048x2048-height&quot;:1429,&quot;gform-image-choice-sm&quot;:&quot;https:\\\/\\\/ourheritagebmo.com\\\/wp-content\\\/uploads\\\/2025\\\/12\\\/2002_630_1_1a_300dpi-scaled.jpg&quot;,&quot;gform-image-choice-sm-width&quot;:300,&quot;gform-image-choice-sm-height&quot;:209,&quot;gform-image-choice-md&quot;:&quot;https:\\\/\\\/ourheritagebmo.com\\\/wp-content\\\/uploads\\\/2025\\\/12\\\/2002_630_1_1a_300dpi-scaled.jpg&quot;,&quot;gform-image-choice-md-width&quot;:400,&quot;gform-image-choice-md-height&quot;:279,&quot;gform-image-choice-lg&quot;:&quot;https:\\\/\\\/ourheritagebmo.com\\\/wp-content\\\/uploads\\\/2025\\\/12\\\/2002_630_1_1a_300dpi-scaled.jpg&quot;,&quot;gform-image-choice-lg-width&quot;:600,&quot;gform-image-choice-lg-height&quot;:419}},&quot;title&quot;:&quot;Les fondements de l\\u2019\\u00e9pargne&quot;,&quot;description&quot;:&quot;L\\u2019\\u00e9pargne et l\\u2019apprentissage se sont d\\u00e9j\\u00e0 retrouv\\u00e9s \\u00e0 partager la m\\u00eame couverture. Des ann\\u00e9es 40 aux ann\\u00e9es 60, BMO a cr\\u00e9\\u00e9 des couvertures de manuels scolaires qui encourageaient les enfants \\u00e0 \\u00e9pargner, tout en prot\\u00e9geant les cahiers scolaires, et qui enseignaient m\\u00eame l\\u2019histoire de l\\u2019alphabet anglais. &quot;,&quot;button&quot;:{&quot;title&quot;:&quot;En savoir plus&quot;,&quot;url&quot;:&quot;https:\\\/\\\/ourheritagebmo.com\\\/fr\\\/articles\\\/les-fondements-de-lepargne\\\/&quot;,&quot;target&quot;:&quot;&quot;}},{&quot;image&quot;:{&quot;ID&quot;:132290,&quot;id&quot;:132290,&quot;title&quot;:&quot;w34_1_18_Slider&quot;,&quot;filename&quot;:&quot;w34_1_18_Slider-scaled.jpg&quot;,&quot;filesize&quot;:445038,&quot;url&quot;:&quot;https:\\\/\\\/ourheritagebmo.com\\\/wp-content\\\/uploads\\\/2026\\\/04\\\/w34_1_18_Slider-scaled.jpg&quot;,&quot;link&quot;:&quot;https:\\\/\\\/ourheritagebmo.com\\\/fr\\\/home-page-fr\\\/w34_1_18_slider-2\\\/&quot;,&quot;alt&quot;:&quot;&quot;,&quot;author&quot;:&quot;3&quot;,&quot;description&quot;:&quot;&quot;,&quot;caption&quot;:&quot;&quot;,&quot;name&quot;:&quot;w34_1_18_slider-2&quot;,&quot;status&quot;:&quot;inherit&quot;,&quot;uploaded_to&quot;:388,&quot;date&quot;:&quot;2026-04-20 20:14:31&quot;,&quot;modified&quot;:&quot;2026-04-20 20:14:31&quot;,&quot;menu_order&quot;:0,&quot;mime_type&quot;:&quot;image\\\/jpeg&quot;,&quot;type&quot;:&quot;image&quot;,&quot;subtype&quot;:&quot;jpeg&quot;,&quot;icon&quot;:&quot;https:\\\/\\\/ourheritagebmo.com\\\/wp-includes\\\/images\\\/media\\\/default.png&quot;,&quot;width&quot;:2560,&quot;height&quot;:1159,&quot;sizes&quot;:{&quot;thumbnail&quot;:&quot;https:\\\/\\\/ourheritagebmo.com\\\/wp-content\\\/uploads\\\/2026\\\/04\\\/w34_1_18_Slider-150x150.jpg&quot;,&quot;thumbnail-width&quot;:150,&quot;thumbnail-height&quot;:150,&quot;medium&quot;:&quot;https:\\\/\\\/ourheritagebmo.com\\\/wp-content\\\/uploads\\\/2026\\\/04\\\/w34_1_18_Slider-300x136.jpg&quot;,&quot;medium-width&quot;:300,&quot;medium-height&quot;:136,&quot;medium_large&quot;:&quot;https:\\\/\\\/ourheritagebmo.com\\\/wp-content\\\/uploads\\\/2026\\\/04\\\/w34_1_18_Slider-768x348.jpg&quot;,&quot;medium_large-width&quot;:768,&quot;medium_large-height&quot;:348,&quot;large&quot;:&quot;https:\\\/\\\/ourheritagebmo.com\\\/wp-content\\\/uploads\\\/2026\\\/04\\\/w34_1_18_Slider-1024x463.jpg&quot;,&quot;large-width&quot;:1024,&quot;large-height&quot;:463,&quot;1536x1536&quot;:&quot;https:\\\/\\\/ourheritagebmo.com\\\/wp-content\\\/uploads\\\/2026\\\/04\\\/w34_1_18_Slider-1536x695.jpg&quot;,&quot;1536x1536-width&quot;:1536,&quot;1536x1536-height&quot;:695,&quot;2048x2048&quot;:&quot;https:\\\/\\\/ourheritagebmo.com\\\/wp-content\\\/uploads\\\/2026\\\/04\\\/w34_1_18_Slider-2048x927.jpg&quot;,&quot;2048x2048-width&quot;:2048,&quot;2048x2048-height&quot;:927,&quot;gform-image-choice-sm&quot;:&quot;https:\\\/\\\/ourheritagebmo.com\\\/wp-content\\\/uploads\\\/2026\\\/04\\\/w34_1_18_Slider-scaled.jpg&quot;,&quot;gform-image-choice-sm-width&quot;:300,&quot;gform-image-choice-sm-height&quot;:136,&quot;gform-image-choice-md&quot;:&quot;https:\\\/\\\/ourheritagebmo.com\\\/wp-content\\\/uploads\\\/2026\\\/04\\\/w34_1_18_Slider-scaled.jpg&quot;,&quot;gform-image-choice-md-width&quot;:400,&quot;gform-image-choice-md-height&quot;:181,&quot;gform-image-choice-lg&quot;:&quot;https:\\\/\\\/ourheritagebmo.com\\\/wp-content\\\/uploads\\\/2026\\\/04\\\/w34_1_18_Slider-scaled.jpg&quot;,&quot;gform-image-choice-lg-width&quot;:600,&quot;gform-image-choice-lg-height&quot;:272}},&quot;title&quot;:&quot;Continuer \\u00e0 rendre hommage aux sacrifices de ceux qui sont tomb\\u00e9s au combat pendant la Premi\\u00e8re Guerre&quot;,&quot;description&quot;:&quot;Le saviez-vous? La statue comm\\u00e9morative de la Premi\\u00e8re Guerre mondiale du capitaine Wynn Bagnall a \\u00e9t\\u00e9 r\\u00e9inaugur\\u00e9e et relocalis\\u00e9e au champ d\\u2019honneur du cimeti\\u00e8re Brookside. Command\\u00e9e par BMO, elle rend hommage aux employ\\u00e9s qui ont perdu la vie pendant le conflit. &quot;,&quot;button&quot;:{&quot;title&quot;:&quot;En savoir plus&quot;,&quot;url&quot;:&quot;https:\\\/\\\/ourheritagebmo.com\\\/fr\\\/articles\\\/continuer-a-rendre-hommage-aux-sacrifices-de-ceux-qui-sont-tombes-au-combat-pendant-la-premiere-guerre-mondiale\\\/&quot;,&quot;target&quot;:&quot;&quot;}},{&quot;image&quot;:{&quot;ID&quot;:132261,&quot;id&quot;:132261,&quot;title&quot;:&quot;Homepage Slider_Stand in&quot;,&quot;filename&quot;:&quot;Homepage-Slider_Stand-in-scaled.jpg&quot;,&quot;filesize&quot;:498113,&quot;url&quot;:&quot;https:\\\/\\\/ourheritagebmo.com\\\/wp-content\\\/uploads\\\/2026\\\/04\\\/Homepage-Slider_Stand-in-scaled.jpg&quot;,&quot;link&quot;:&quot;https:\\\/\\\/ourheritagebmo.com\\\/fr\\\/home-page-fr\\\/homepage-slider_stand-in-2\\\/&quot;,&quot;alt&quot;:&quot;&quot;,&quot;author&quot;:&quot;3&quot;,&quot;description&quot;:&quot;&quot;,&quot;caption&quot;:&quot;&quot;,&quot;name&quot;:&quot;homepage-slider_stand-in-2&quot;,&quot;status&quot;:&quot;inherit&quot;,&quot;uploaded_to&quot;:388,&quot;date&quot;:&quot;2026-04-15 14:26:39&quot;,&quot;modified&quot;:&quot;2026-04-15 14:26:39&quot;,&quot;menu_order&quot;:0,&quot;mime_type&quot;:&quot;image\\\/jpeg&quot;,&quot;type&quot;:&quot;image&quot;,&quot;subtype&quot;:&quot;jpeg&quot;,&quot;icon&quot;:&quot;https:\\\/\\\/ourheritagebmo.com\\\/wp-includes\\\/images\\\/media\\\/default.png&quot;,&quot;width&quot;:2560,&quot;height&quot;:1220,&quot;sizes&quot;:{&quot;thumbnail&quot;:&quot;https:\\\/\\\/ourheritagebmo.com\\\/wp-content\\\/uploads\\\/2026\\\/04\\\/Homepage-Slider_Stand-in-150x150.jpg&quot;,&quot;thumbnail-width&quot;:150,&quot;thumbnail-height&quot;:150,&quot;medium&quot;:&quot;https:\\\/\\\/ourheritagebmo.com\\\/wp-content\\\/uploads\\\/2026\\\/04\\\/Homepage-Slider_Stand-in-300x143.jpg&quot;,&quot;medium-width&quot;:300,&quot;medium-height&quot;:143,&quot;medium_large&quot;:&quot;https:\\\/\\\/ourheritagebmo.com\\\/wp-content\\\/uploads\\\/2026\\\/04\\\/Homepage-Slider_Stand-in-768x366.jpg&quot;,&quot;medium_large-width&quot;:768,&quot;medium_large-height&quot;:366,&quot;large&quot;:&quot;https:\\\/\\\/ourheritagebmo.com\\\/wp-content\\\/uploads\\\/2026\\\/04\\\/Homepage-Slider_Stand-in-1024x488.jpg&quot;,&quot;large-width&quot;:1024,&quot;large-height&quot;:488,&quot;1536x1536&quot;:&quot;https:\\\/\\\/ourheritagebmo.com\\\/wp-content\\\/uploads\\\/2026\\\/04\\\/Homepage-Slider_Stand-in-1536x732.jpg&quot;,&quot;1536x1536-width&quot;:1536,&quot;1536x1536-height&quot;:732,&quot;2048x2048&quot;:&quot;https:\\\/\\\/ourheritagebmo.com\\\/wp-content\\\/uploads\\\/2026\\\/04\\\/Homepage-Slider_Stand-in-2048x976.jpg&quot;,&quot;2048x2048-width&quot;:2048,&quot;2048x2048-height&quot;:976,&quot;gform-image-choice-sm&quot;:&quot;https:\\\/\\\/ourheritagebmo.com\\\/wp-content\\\/uploads\\\/2026\\\/04\\\/Homepage-Slider_Stand-in-scaled.jpg&quot;,&quot;gform-image-choice-sm-width&quot;:300,&quot;gform-image-choice-sm-height&quot;:143,&quot;gform-image-choice-md&quot;:&quot;https:\\\/\\\/ourheritagebmo.com\\\/wp-content\\\/uploads\\\/2026\\\/04\\\/Homepage-Slider_Stand-in-scaled.jpg&quot;,&quot;gform-image-choice-md-width&quot;:400,&quot;gform-image-choice-md-height&quot;:191,&quot;gform-image-choice-lg&quot;:&quot;https:\\\/\\\/ourheritagebmo.com\\\/wp-content\\\/uploads\\\/2026\\\/04\\\/Homepage-Slider_Stand-in-scaled.jpg&quot;,&quot;gform-image-choice-lg-width&quot;:600,&quot;gform-image-choice-lg-height&quot;:286}},&quot;title&quot;:&quot;Le chat contre-attaque&quot;,&quot;description&quot;:&quot;L\\u2019histoire de BMO compte peut-\\u00eatre beaucoup de chiens, mais en ce jour du poisson d\\u2019avril, le Service des archives adopte un tout nouvel angle.\\r\\nPendant que l\\u2019archiviste canin fait une courte sieste, le catalogueur f\\u00e9lin en profite pour pr\\u00e9senter un objet ludique tir\\u00e9 des archives : une tirelire des ann\\u00e9es 1960 qui met en sc\\u00e8ne un chat et une souris.&quot;,&quot;button&quot;:{&quot;title&quot;:&quot;En savoir plus&quot;,&quot;url&quot;:&quot;https:\\\/\\\/ourheritagebmo.com\\\/fr\\\/articles\\\/le-chat-contre-attaque\\\/&quot;,&quot;target&quot;:&quot;&quot;}}]'><\/div>\n\t\t\t<\/div>\n\t\t<div class=\"main-grid__margin\"><\/div>\n\t\t<\/div>\n\t<\/section>\n\n\n\n\n\n\n\n\n\n\n\n<section id=\"newest-discoveries-block_af2d3d70fb0fff549e6fc5221a60d7c6\" class=\"newest-discoveries-block main-grid\" aria-labelledby=\"les-plus-r\u00e9centes-trouvailles-dans-nos-archives\">\n\t<div class=\"newest-discoveries-block__margin\"><\/div>\n\t<div class=\"newest-discoveries-block__content\">\n\t\t<h2 id=\"les-plus-r\u00e9centes-trouvailles-dans-nos-archives\" class=\"newest-discoveries-block__title\">Les plus r\u00e9centes trouvailles dans nos archives<\/h2>\n\t\t<div class=\"newest-discoveries-block__flex-container\">\n\t\t\t<div class=\"newest-discoveries-block__image\">\n\t\t\t\t<div class=\"aspect-ratio-box\">\n\t\t\t\t\t\t\t\t\t\t\t<img loading=\"lazy\" decoding=\"async\" width=\"1024\" height=\"790\" src=\"https:\/\/ourheritagebmo.com\/wp-content\/uploads\/2022\/10\/N8.10-2-1024x790.jpg\" class=\"attachment-large size-large\" alt=\"\" srcset=\"https:\/\/ourheritagebmo.com\/wp-content\/uploads\/2022\/10\/N8.10-2-1024x790.jpg 1024w, https:\/\/ourheritagebmo.com\/wp-content\/uploads\/2022\/10\/N8.10-2-300x232.jpg 300w, https:\/\/ourheritagebmo.com\/wp-content\/uploads\/2022\/10\/N8.10-2-768x593.jpg 768w, https:\/\/ourheritagebmo.com\/wp-content\/uploads\/2022\/10\/N8.10-2-1536x1185.jpg 1536w, https:\/\/ourheritagebmo.com\/wp-content\/uploads\/2022\/10\/N8.10-2-2048x1580.jpg 2048w\" sizes=\"auto, (max-width: 1024px) 100vw, 1024px\" \/>\t\t\t\t\t\t\t\t\t<\/div>\n\t\t\t<\/div>\n\t\t\t<div class=\"newest-discoveries-block__details\">\n\t\t\t\t<ul class=\"newest-discoveries-block__articles-container\">\n\t\t\t\t\t\t\t\t\t\t\t\t\t\t\t\t<li class=\"newest-discoveries-block__article\">\n\t\t\t\t\t\t\t<a href=\"https:\/\/ourheritagebmo.com\/fr\/articles\/les-fondements-de-lepargne\/\" class=\"newest-discoveries-block__article-link\">\n\t\t\t\t\t\t\t\t<h3>Les fondements de l\u2019\u00e9pargne<\/h3>\n\t\t\t\t\t\t\t<\/a>\n\t\t\t\t\t\t\t\t\t\t\t\t\t<\/li>\n\t\t\t\t\t\t\t\t\t\t\t<li class=\"newest-discoveries-block__article\">\n\t\t\t\t\t\t\t<a href=\"https:\/\/ourheritagebmo.com\/fr\/articles\/continuer-a-rendre-hommage-aux-sacrifices-de-ceux-qui-sont-tombes-au-combat-pendant-la-premiere-guerre-mondiale\/\" class=\"newest-discoveries-block__article-link\">\n\t\t\t\t\t\t\t\t<h3>Continuer \u00e0 rendre hommage aux sacrifices de ceux qui sont tomb\u00e9s au combat pendant la Premi\u00e8re Guerre mondiale<\/h3>\n\t\t\t\t\t\t\t<\/a>\n\t\t\t\t\t\t\t\t\t\t\t\t\t<\/li>\n\t\t\t\t\t\t\t\t\t\t\t<li class=\"newest-discoveries-block__article\">\n\t\t\t\t\t\t\t<a href=\"https:\/\/ourheritagebmo.com\/fr\/articles\/le-chat-contre-attaque\/\" class=\"newest-discoveries-block__article-link\">\n\t\t\t\t\t\t\t\t<h3>Le chat contre-attaque<\/h3>\n\t\t\t\t\t\t\t<\/a>\n\t\t\t\t\t\t\t\t\t\t\t\t\t<\/li>\n\t\t\t\t\t\t\t\t\t<\/ul>\n\t\t\t\t\t\t\t\t\t<a href=\"https:\/\/ourheritagebmo.com\/fr\/articles\/\" class=\"button\">Afficher tous les articles<\/a>\n\t\t\t\t\t\t\t<\/div>\n\t\t<\/div>\n\t<\/div>\n\t<div class=\"newest-discoveries-block__margin\"><\/div>\n<\/section>\n\n\n\n\n","protected":false},"excerpt":{"rendered":"","protected":false},"author":1,"featured_media":0,"parent":0,"menu_order":0,"comment_status":"closed","ping_status":"closed","template":"","meta":{"_acf_changed":false,"footnotes":""},"class_list":["post-388","page","type-page","status-publish","hentry"],"acf":[],"_links":{"self":[{"href":"https:\/\/ourheritagebmo.com\/fr\/wp-json\/wp\/v2\/pages\/388","targetHints":{"allow":["GET"]}}],"collection":[{"href":"https:\/\/ourheritagebmo.com\/fr\/wp-json\/wp\/v2\/pages"}],"about":[{"href":"https:\/\/ourheritagebmo.com\/fr\/wp-json\/wp\/v2\/types\/page"}],"author":[{"embeddable":true,"href":"https:\/\/ourheritagebmo.com\/fr\/wp-json\/wp\/v2\/users\/1"}],"replies":[{"embeddable":true,"href":"https:\/\/ourheritagebmo.com\/fr\/wp-json\/wp\/v2\/comments?post=388"}],"version-history":[{"count":197,"href":"https:\/\/ourheritagebmo.com\/fr\/wp-json\/wp\/v2\/pages\/388\/revisions"}],"predecessor-version":[{"id":132324,"href":"https:\/\/ourheritagebmo.com\/fr\/wp-json\/wp\/v2\/pages\/388\/revisions\/132324"}],"wp:attachment":[{"href":"https:\/\/ourheritagebmo.com\/fr\/wp-json\/wp\/v2\/media?parent=388"}],"curies":[{"name":"wp","href":"https:\/\/api.w.org\/{rel}","templated":true}]}}